{"id":129,"date":"2023-01-23T13:52:35","date_gmt":"2023-01-23T13:52:35","guid":{"rendered":"https:\/\/storchennest-ru.de\/?page_id=129"},"modified":"2025-03-05T09:42:29","modified_gmt":"2025-03-05T07:42:29","slug":"willkommen","status":"publish","type":"page","link":"https:\/\/storchennest-ru.de\/","title":{"rendered":"Willkommen"},"content":{"rendered":"<h5><img loading=\"lazy\" decoding=\"async\" class=\"aligncenter size-full wp-image-915\" src=\"https:\/\/storchennest-ru.de\/wp-content\/uploads\/2025\/03\/band_2025.gif\" alt=\"\" width=\"1161\" height=\"269\" \/><\/h5>\n<hr \/>\n<p>Urlaub in der Pfalz vereint viele Vorz\u00fcge: herzliche Menschen, gute K\u00fcche, gute Weine, Zugang zur gr\u00f6\u00dften zusammenh\u00e4ngenden Waldfl\u00e4che Deutschlands, Zugang zur Metropolregion Karlsruhe \u2013 Mannheim \u2013 Mainz, N\u00e4he zum Elsass, historische St\u00e4dte, Museen und Konzerts\u00e4le. Und das alles gut erreichbar, auch mit \u00f6ffentlichen Verkehrsmitteln. Und ein Storchenpaar ist wieder da!<\/p>\n<p>Setzen auch Sie ein pers\u00f6nliches Statement f\u00fcr einen angepassten und resourcenschonenden Urlaub mit hoher Erlebnisqualit\u00e4t. Wir versuchen Sie darin zu unterst\u00fctzen und machen ein Angebot.<\/p>\n<div><\/div>\n<div><\/div>\n<div><\/div>\n<div><\/div>\n","protected":false},"excerpt":{"rendered":"<p>Urlaub in der Pfalz vereint viele Vorz\u00fcge: herzliche Menschen, gute K\u00fcche, gute Weine, Zugang zur gr\u00f6\u00dften zusammenh\u00e4ngenden Waldfl\u00e4che Deutschlands, Zugang zur Metropolregion Karlsruhe \u2013 Mannheim \u2013 Mainz, N\u00e4he zum Elsass, historische St\u00e4dte, Museen und Konzerts\u00e4le. Und das alles gut erreichbar, auch mit \u00f6ffentlichen Verkehrsmitteln. Und ein Storchenpaar ist wieder da! Setzen auch Sie ein pers\u00f6nliches&hellip;<\/p>\n","protected":false},"author":2,"featured_media":0,"parent":0,"menu_order":0,"comment_status":"closed","ping_status":"closed","template":"templates\/template-full-width.php","meta":{"footnotes":""},"class_list":["post-129","page","type-page","status-publish","hentry"],"_links":{"self":[{"href":"https:\/\/storchennest-ru.de\/index.php?rest_route=\/wp\/v2\/pages\/129","targetHints":{"allow":["GET"]}}],"collection":[{"href":"https:\/\/storchennest-ru.de\/index.php?rest_route=\/wp\/v2\/pages"}],"about":[{"href":"https:\/\/storchennest-ru.de\/index.php?rest_route=\/wp\/v2\/types\/page"}],"author":[{"embeddable":true,"href":"https:\/\/storchennest-ru.de\/index.php?rest_route=\/wp\/v2\/users\/2"}],"replies":[{"embeddable":true,"href":"https:\/\/storchennest-ru.de\/index.php?rest_route=%2Fwp%2Fv2%2Fcomments&post=129"}],"version-history":[{"count":66,"href":"https:\/\/storchennest-ru.de\/index.php?rest_route=\/wp\/v2\/pages\/129\/revisions"}],"predecessor-version":[{"id":1007,"href":"https:\/\/storchennest-ru.de\/index.php?rest_route=\/wp\/v2\/pages\/129\/revisions\/1007"}],"wp:attachment":[{"href":"https:\/\/storchennest-ru.de\/index.php?rest_route=%2Fwp%2Fv2%2Fmedia&parent=129"}],"curies":[{"name":"wp","href":"https:\/\/api.w.org\/{rel}","templated":true}]}}