{"id":52,"date":"2023-01-22T16:49:57","date_gmt":"2023-01-22T16:49:57","guid":{"rendered":"https:\/\/storchennest-ru.de\/?page_id=52"},"modified":"2025-08-18T19:03:45","modified_gmt":"2025-08-18T17:03:45","slug":"kontakt","status":"publish","type":"page","link":"https:\/\/storchennest-ru.de\/?page_id=52","title":{"rendered":"Kontakt"},"content":{"rendered":"\r\n<p><img loading=\"lazy\" decoding=\"async\" class=\"alignleft size-medium wp-image-617\" src=\"https:\/\/storchennest-ru.de\/wp-content\/uploads\/2023\/04\/ko_flug_bearb-300x300.jpg\" alt=\"\" width=\"300\" height=\"300\" srcset=\"https:\/\/storchennest-ru.de\/wp-content\/uploads\/2023\/04\/ko_flug_bearb-300x300.jpg 300w, https:\/\/storchennest-ru.de\/wp-content\/uploads\/2023\/04\/ko_flug_bearb-1024x1024.jpg 1024w, https:\/\/storchennest-ru.de\/wp-content\/uploads\/2023\/04\/ko_flug_bearb-150x150.jpg 150w, https:\/\/storchennest-ru.de\/wp-content\/uploads\/2023\/04\/ko_flug_bearb-768x768.jpg 768w, https:\/\/storchennest-ru.de\/wp-content\/uploads\/2023\/04\/ko_flug_bearb-700x700.jpg 700w, https:\/\/storchennest-ru.de\/wp-content\/uploads\/2023\/04\/ko_flug_bearb-1536x1536.jpg 1536w, https:\/\/storchennest-ru.de\/wp-content\/uploads\/2023\/04\/ko_flug_bearb-2048x2048.jpg 2048w, https:\/\/storchennest-ru.de\/wp-content\/uploads\/2023\/04\/ko_flug_bearb-1200x1200.jpg 1200w, https:\/\/storchennest-ru.de\/wp-content\/uploads\/2023\/04\/ko_flug_bearb-1980x1980.jpg 1980w\" sizes=\"auto, (max-width: 300px) 100vw, 300px\" \/>Sie erreichen uns vorzugsweise per Mail oder Telefon unter<\/p>\r\n<p><em>Georg J\u00fcnger<\/em><br \/><em>Birgit Aachen-J\u00fcnger<\/em><br \/><em>Tel. 0221 \u2013 555701<\/em><br \/><em>Mob. 0151 \u2013 55 65 75 57<\/em><\/p>\r\n<p>oder den Emailadressen:<\/p>\r\n<p><em>fewostorchennest(at)gmx.de<\/em><br \/>oder <em>georgjuenger(at)gmx.de<\/em><\/p>\r\n\r\n\r\n\r\n\r\n\r\n<p>Sie k\u00f6nnen mit einer Antwort auf Buchungsanfragen innerhalb von Stunden, sp\u00e4testens am gleichen Tag rechnen. Die Belegung der Wohnung ist unter dem Men\u00fcpunkt <em>Belegung<\/em> ersichtlich.<\/p>\r\n","protected":false},"excerpt":{"rendered":"<p>Sie erreichen uns vorzugsweise per Mail oder Telefon unter Georg J\u00fcngerBirgit Aachen-J\u00fcngerTel. 0221 \u2013 555701Mob. 0151 \u2013 55 65 75 57 oder den Emailadressen: fewostorchennest(at)gmx.deoder georgjuenger(at)gmx.de Sie k\u00f6nnen mit einer Antwort auf Buchungsanfragen innerhalb von Stunden, sp\u00e4testens am gleichen Tag rechnen. Die Belegung der Wohnung ist unter dem Men\u00fcpunkt Belegung ersichtlich.<\/p>\n","protected":false},"author":2,"featured_media":0,"parent":0,"menu_order":0,"comment_status":"closed","ping_status":"closed","template":"templates\/template-full-width.php","meta":{"footnotes":""},"class_list":["post-52","page","type-page","status-publish","hentry"],"_links":{"self":[{"href":"https:\/\/storchennest-ru.de\/index.php?rest_route=\/wp\/v2\/pages\/52","targetHints":{"allow":["GET"]}}],"collection":[{"href":"https:\/\/storchennest-ru.de\/index.php?rest_route=\/wp\/v2\/pages"}],"about":[{"href":"https:\/\/storchennest-ru.de\/index.php?rest_route=\/wp\/v2\/types\/page"}],"author":[{"embeddable":true,"href":"https:\/\/storchennest-ru.de\/index.php?rest_route=\/wp\/v2\/users\/2"}],"replies":[{"embeddable":true,"href":"https:\/\/storchennest-ru.de\/index.php?rest_route=%2Fwp%2Fv2%2Fcomments&post=52"}],"version-history":[{"count":11,"href":"https:\/\/storchennest-ru.de\/index.php?rest_route=\/wp\/v2\/pages\/52\/revisions"}],"predecessor-version":[{"id":1052,"href":"https:\/\/storchennest-ru.de\/index.php?rest_route=\/wp\/v2\/pages\/52\/revisions\/1052"}],"wp:attachment":[{"href":"https:\/\/storchennest-ru.de\/index.php?rest_route=%2Fwp%2Fv2%2Fmedia&parent=52"}],"curies":[{"name":"wp","href":"https:\/\/api.w.org\/{rel}","templated":true}]}}